{"id":1419,"date":"2020-01-05T13:54:35","date_gmt":"2020-01-05T13:54:35","guid":{"rendered":"https:\/\/total.ca\/collabs\/"},"modified":"2022-12-20T04:47:13","modified_gmt":"2022-12-20T04:47:13","slug":"collabs","status":"publish","type":"page","link":"https:\/\/total.ca\/fr\/collabs\/","title":{"rendered":"Collaborons"},"content":{"rendered":"<div class=\"_title\">\n<p>Collaborons<\/p>\n<h1>Embellir les \u00e9v\u00e9nements<br \/>\navec VOUS<\/h1>\n<\/div>\n<div class=\"_txt\">\n<p>Nous adorons collaborer pour donner vies aux \u00e9v\u00e9nements des plus excitants. \u00a0Avec notre \u00e9quipe de designers, d\u2019ing\u00e9nieurs techniques, de directeurs artistiques, de producteur de show, et d\u2019agent de booking, travailler avec nous veut dire avoir acc\u00e8s \u00e0 une \u00e9quipe service complet. Nous sommes passionn\u00e9s et notre mission est de partager notre passion avec des cr\u00e9atifs comme vous.<\/p>\n<\/div>\n","protected":false},"excerpt":{"rendered":"<p>Collaborons Embellir les \u00e9v\u00e9nements avec VOUS Nous adorons collaborer pour donner vies aux \u00e9v\u00e9nements des plus excitants. \u00a0Avec notre \u00e9quipe de designers, d\u2019ing\u00e9nieurs techniques, de directeurs artistiques, de producteur de show, et d\u2019agent de booking,\u2026<\/p>\n","protected":false},"author":1,"featured_media":2328,"parent":0,"menu_order":0,"comment_status":"closed","ping_status":"closed","template":"pge-collabs.php","meta":{"inline_featured_image":false},"acf":[],"_links":{"self":[{"href":"https:\/\/total.ca\/fr\/wp-json\/wp\/v2\/pages\/1419"}],"collection":[{"href":"https:\/\/total.ca\/fr\/wp-json\/wp\/v2\/pages"}],"about":[{"href":"https:\/\/total.ca\/fr\/wp-json\/wp\/v2\/types\/page"}],"author":[{"embeddable":true,"href":"https:\/\/total.ca\/fr\/wp-json\/wp\/v2\/users\/1"}],"replies":[{"embeddable":true,"href":"https:\/\/total.ca\/fr\/wp-json\/wp\/v2\/comments?post=1419"}],"version-history":[{"count":17,"href":"https:\/\/total.ca\/fr\/wp-json\/wp\/v2\/pages\/1419\/revisions"}],"predecessor-version":[{"id":2969,"href":"https:\/\/total.ca\/fr\/wp-json\/wp\/v2\/pages\/1419\/revisions\/2969"}],"wp:featuredmedia":[{"embeddable":true,"href":"https:\/\/total.ca\/fr\/wp-json\/wp\/v2\/media\/2328"}],"wp:attachment":[{"href":"https:\/\/total.ca\/fr\/wp-json\/wp\/v2\/media?parent=1419"}],"curies":[{"name":"wp","href":"https:\/\/api.w.org\/{rel}","templated":true}]}}