{"id":1418,"date":"2020-01-05T15:19:52","date_gmt":"2020-01-05T15:19:52","guid":{"rendered":"https:\/\/total.ca\/case-studies\/"},"modified":"2020-04-23T15:56:10","modified_gmt":"2020-04-23T15:56:10","slug":"case-studies","status":"publish","type":"page","link":"https:\/\/total.ca\/fr\/case-studies\/","title":{"rendered":"Le Processus"},"content":{"rendered":"<h2>Nous appr\u00e9cions le processus tout<br \/>\nautant que le r\u00e9sultat<\/h2>\n<p class=\"mb-70\">Parcourez nos \u00e9tudes de cas<\/p>\n","protected":false},"excerpt":{"rendered":"<p>Nous appr\u00e9cions le processus tout autant que le r\u00e9sultat Parcourez nos \u00e9tudes de cas<\/p>\n","protected":false},"author":1,"featured_media":2191,"parent":0,"menu_order":0,"comment_status":"closed","ping_status":"closed","template":"pge-case-studies.php","meta":{"inline_featured_image":false},"acf":[],"_links":{"self":[{"href":"https:\/\/total.ca\/fr\/wp-json\/wp\/v2\/pages\/1418"}],"collection":[{"href":"https:\/\/total.ca\/fr\/wp-json\/wp\/v2\/pages"}],"about":[{"href":"https:\/\/total.ca\/fr\/wp-json\/wp\/v2\/types\/page"}],"author":[{"embeddable":true,"href":"https:\/\/total.ca\/fr\/wp-json\/wp\/v2\/users\/1"}],"replies":[{"embeddable":true,"href":"https:\/\/total.ca\/fr\/wp-json\/wp\/v2\/comments?post=1418"}],"version-history":[{"count":3,"href":"https:\/\/total.ca\/fr\/wp-json\/wp\/v2\/pages\/1418\/revisions"}],"predecessor-version":[{"id":2204,"href":"https:\/\/total.ca\/fr\/wp-json\/wp\/v2\/pages\/1418\/revisions\/2204"}],"wp:featuredmedia":[{"embeddable":true,"href":"https:\/\/total.ca\/fr\/wp-json\/wp\/v2\/media\/2191"}],"wp:attachment":[{"href":"https:\/\/total.ca\/fr\/wp-json\/wp\/v2\/media?parent=1418"}],"curies":[{"name":"wp","href":"https:\/\/api.w.org\/{rel}","templated":true}]}}