{"id":1411,"date":"2020-01-05T09:42:59","date_gmt":"2020-01-05T09:42:59","guid":{"rendered":"https:\/\/total.ca\/about\/"},"modified":"2020-10-08T16:08:01","modified_gmt":"2020-10-08T16:08:01","slug":"about","status":"publish","type":"page","link":"https:\/\/total.ca\/fr\/about\/","title":{"rendered":"#L\u00e9quipe"},"content":{"rendered":"<p>Reconnu comme \u00e9tant meneur de l\u2019industrie depuis 25 ans, Total Events est un service tout compris de design et de production. Dans un monde o\u00f9 la majorit\u00e9 font du copier coller, nous sommes fier d\u2019offrir notre vision unique et adapt\u00e9e qui m\u00e8ne \u00e0 la cr\u00e9ation d\u2019\u00e9v\u00e9nements qui \u00e9voquent \u00e9motion et \u00e9merveillement.<\/p>\n","protected":false},"excerpt":{"rendered":"<p>Reconnu comme \u00e9tant meneur de l\u2019industrie depuis 25 ans, Total Events est un service tout compris de design et de production. Dans un monde o\u00f9 la majorit\u00e9 font du copier coller, nous sommes fier d\u2019offrir\u2026<\/p>\n","protected":false},"author":1,"featured_media":2440,"parent":0,"menu_order":0,"comment_status":"closed","ping_status":"closed","template":"pge-about.php","meta":{"inline_featured_image":false},"acf":[],"_links":{"self":[{"href":"https:\/\/total.ca\/fr\/wp-json\/wp\/v2\/pages\/1411"}],"collection":[{"href":"https:\/\/total.ca\/fr\/wp-json\/wp\/v2\/pages"}],"about":[{"href":"https:\/\/total.ca\/fr\/wp-json\/wp\/v2\/types\/page"}],"author":[{"embeddable":true,"href":"https:\/\/total.ca\/fr\/wp-json\/wp\/v2\/users\/1"}],"replies":[{"embeddable":true,"href":"https:\/\/total.ca\/fr\/wp-json\/wp\/v2\/comments?post=1411"}],"version-history":[{"count":6,"href":"https:\/\/total.ca\/fr\/wp-json\/wp\/v2\/pages\/1411\/revisions"}],"predecessor-version":[{"id":2897,"href":"https:\/\/total.ca\/fr\/wp-json\/wp\/v2\/pages\/1411\/revisions\/2897"}],"wp:featuredmedia":[{"embeddable":true,"href":"https:\/\/total.ca\/fr\/wp-json\/wp\/v2\/media\/2440"}],"wp:attachment":[{"href":"https:\/\/total.ca\/fr\/wp-json\/wp\/v2\/media?parent=1411"}],"curies":[{"name":"wp","href":"https:\/\/api.w.org\/{rel}","templated":true}]}}